{"id":7375,"date":"2026-03-20T18:48:49","date_gmt":"2026-03-20T18:48:49","guid":{"rendered":"https:\/\/blauesherz.com\/?page_id=7375"},"modified":"2026-03-22T13:22:34","modified_gmt":"2026-03-22T13:22:34","slug":"ebs-waffle-and-mulled-wine-sale","status":"publish","type":"page","link":"https:\/\/blauesherz.com\/en\/ebs-waffle-and-mulled-wine-sale\/","title":{"rendered":"EBS &#8211; Waffle and mulled wine sale"},"content":{"rendered":"<div data-elementor-type=\"wp-page\" data-elementor-id=\"7375\" class=\"elementor elementor-7375\">\n\t\t\t\t\t\t<section class=\"elementor-section elementor-top-section elementor-element elementor-element-b059f64 elementor-section-boxed elementor-section-height-default elementor-section-height-default\" data-id=\"b059f64\" data-element_type=\"section\" data-e-type=\"section\">\n\t\t\t\t\t\t<div class=\"elementor-container elementor-column-gap-default\">\n\t\t\t\t\t<div class=\"elementor-column elementor-col-100 elementor-top-column elementor-element elementor-element-3c50630\" data-id=\"3c50630\" data-element_type=\"column\" data-e-type=\"column\">\n\t\t\t<div class=\"elementor-widget-wrap elementor-element-populated\">\n\t\t\t\t\t\t<div class=\"elementor-element elementor-element-fd98148 elementor-widget elementor-widget-google_maps\" data-id=\"fd98148\" data-element_type=\"widget\" data-e-type=\"widget\" data-widget_type=\"google_maps.default\">\n\t\t\t\t\t\t\t<div class=\"elementor-custom-embed\">\n\t\t\t<iframe loading=\"lazy\"\n\t\t\t\t\tsrc=\"https:\/\/maps.google.com\/maps?q=EBS%20Universit%C3%A4t&#038;t=m&#038;z=10&#038;output=embed&#038;iwloc=near\"\n\t\t\t\t\ttitle=\"EBS Universit\u00e4t\"\n\t\t\t\t\taria-label=\"EBS Universit\u00e4t\"\n\t\t\t><\/iframe>\n\t\t<\/div>\n\t\t\t\t\t\t<\/div>\n\t\t\t\t<div class=\"elementor-element elementor-element-b274a03 elementor-widget elementor-widget-text-editor\" data-id=\"b274a03\" data-element_type=\"widget\" data-e-type=\"widget\" data-widget_type=\"text-editor.default\">\n\t\t\t\t\t\t\t\t\t<p>As part of our efforts to promote access to clean water in Uganda, the nonprofit organization \u201cBlaues Herz e.V.\u201d organized a fundraising event on the EBS campus. Thanks to the support of students and visitors, the event raised \u20ac285 for our drinking water project.<\/p><p>With waffles, mulled wine, and many enriching conversations, the fundraiser was not only a way to collect donations but also an opportunity to raise awareness about the importance of access to clean water. The funds will help improve water infrastructure and promote sustainable change on the ground in Uganda.<\/p><p>Special thanks go to everyone who supported the event and helped make it possible. Every contribution brings us one step closer to creating lasting change.<\/p>\t\t\t\t\t\t\t\t<\/div>\n\t\t\t\t\t<\/div>\n\t\t<\/div>\n\t\t\t\t\t<\/div>\n\t\t<\/section>\n\t\t\t\t<section class=\"elementor-section elementor-top-section elementor-element elementor-element-27188be elementor-section-boxed elementor-section-height-default elementor-section-height-default\" data-id=\"27188be\" data-element_type=\"section\" data-e-type=\"section\">\n\t\t\t\t\t\t<div class=\"elementor-container elementor-column-gap-default\">\n\t\t\t\t\t<div class=\"elementor-column elementor-col-33 elementor-top-column elementor-element elementor-element-954e36f\" data-id=\"954e36f\" data-element_type=\"column\" data-e-type=\"column\">\n\t\t\t<div class=\"elementor-widget-wrap elementor-element-populated\">\n\t\t\t\t\t\t<div class=\"elementor-element elementor-element-bf4a9d5 elementor-widget elementor-widget-image\" data-id=\"bf4a9d5\" data-element_type=\"widget\" data-e-type=\"widget\" data-widget_type=\"image.default\">\n\t\t\t\t\t\t\t\t\t\t\t\t\t\t\t<img fetchpriority=\"high\" decoding=\"async\" width=\"750\" height=\"1000\" src=\"https:\/\/blauesherz.com\/wp-content\/uploads\/2026\/03\/31C08C0A-D8F1-46AE-AA2F-82EB7E718DE2-768x1024.jpg\" class=\"attachment-large size-large wp-image-7270\" alt=\"31c08c0a d8f1 46ae aa2f 82eb7e718de2\" srcset=\"https:\/\/blauesherz.com\/wp-content\/uploads\/2026\/03\/31C08C0A-D8F1-46AE-AA2F-82EB7E718DE2-768x1024.jpg 768w, https:\/\/blauesherz.com\/wp-content\/uploads\/2026\/03\/31C08C0A-D8F1-46AE-AA2F-82EB7E718DE2-225x300.jpg 225w, https:\/\/blauesherz.com\/wp-content\/uploads\/2026\/03\/31C08C0A-D8F1-46AE-AA2F-82EB7E718DE2-1152x1536.jpg 1152w, https:\/\/blauesherz.com\/wp-content\/uploads\/2026\/03\/31C08C0A-D8F1-46AE-AA2F-82EB7E718DE2-9x12.jpg 9w, https:\/\/blauesherz.com\/wp-content\/uploads\/2026\/03\/31C08C0A-D8F1-46AE-AA2F-82EB7E718DE2-1320x1760.jpg 1320w, https:\/\/blauesherz.com\/wp-content\/uploads\/2026\/03\/31C08C0A-D8F1-46AE-AA2F-82EB7E718DE2.jpg 1536w\" sizes=\"(max-width: 750px) 100vw, 750px\" title=\"EBS - Waffle and mulled wine sale\">\t\t\t\t\t\t\t\t\t\t\t\t\t\t\t<\/div>\n\t\t\t\t\t<\/div>\n\t\t<\/div>\n\t\t\t\t<div class=\"elementor-column elementor-col-33 elementor-top-column elementor-element elementor-element-7e7615d\" data-id=\"7e7615d\" data-element_type=\"column\" data-e-type=\"column\">\n\t\t\t<div class=\"elementor-widget-wrap elementor-element-populated\">\n\t\t\t\t\t\t<div class=\"elementor-element elementor-element-32d7094 elementor-widget elementor-widget-image\" data-id=\"32d7094\" data-element_type=\"widget\" data-e-type=\"widget\" data-widget_type=\"image.default\">\n\t\t\t\t\t\t\t\t\t\t\t\t\t\t\t<img decoding=\"async\" width=\"750\" height=\"1000\" src=\"https:\/\/blauesherz.com\/wp-content\/uploads\/2026\/03\/E1D4778A-6FF9-4B46-97BC-60A3B4B202C5-768x1024.jpg\" class=\"attachment-large size-large wp-image-7268\" alt=\"e1d4778a 6ff9 4b46 97bc 60a3b4b202c5\" srcset=\"https:\/\/blauesherz.com\/wp-content\/uploads\/2026\/03\/E1D4778A-6FF9-4B46-97BC-60A3B4B202C5-768x1024.jpg 768w, https:\/\/blauesherz.com\/wp-content\/uploads\/2026\/03\/E1D4778A-6FF9-4B46-97BC-60A3B4B202C5-225x300.jpg 225w, https:\/\/blauesherz.com\/wp-content\/uploads\/2026\/03\/E1D4778A-6FF9-4B46-97BC-60A3B4B202C5-1152x1536.jpg 1152w, https:\/\/blauesherz.com\/wp-content\/uploads\/2026\/03\/E1D4778A-6FF9-4B46-97BC-60A3B4B202C5-9x12.jpg 9w, https:\/\/blauesherz.com\/wp-content\/uploads\/2026\/03\/E1D4778A-6FF9-4B46-97BC-60A3B4B202C5-1320x1760.jpg 1320w, https:\/\/blauesherz.com\/wp-content\/uploads\/2026\/03\/E1D4778A-6FF9-4B46-97BC-60A3B4B202C5.jpg 1536w\" sizes=\"(max-width: 750px) 100vw, 750px\" title=\"EBS - Waffle and mulled wine sale\">\t\t\t\t\t\t\t\t\t\t\t\t\t\t\t<\/div>\n\t\t\t\t\t<\/div>\n\t\t<\/div>\n\t\t\t\t<div class=\"elementor-column elementor-col-33 elementor-top-column elementor-element elementor-element-abde2a0\" data-id=\"abde2a0\" data-element_type=\"column\" data-e-type=\"column\">\n\t\t\t<div class=\"elementor-widget-wrap elementor-element-populated\">\n\t\t\t\t\t\t<div class=\"elementor-element elementor-element-5a81b1a elementor-widget elementor-widget-image\" data-id=\"5a81b1a\" data-element_type=\"widget\" data-e-type=\"widget\" data-widget_type=\"image.default\">\n\t\t\t\t\t\t\t\t\t\t\t\t\t\t\t<img decoding=\"async\" width=\"750\" height=\"1000\" src=\"https:\/\/blauesherz.com\/wp-content\/uploads\/2026\/03\/36112CC9-B9ED-4800-A9DC-F24E2304281B-768x1024.jpg\" class=\"attachment-large size-large wp-image-7269\" alt=\"36112cc9 b9ed 4800 a9dc f24e2304281b\" srcset=\"https:\/\/blauesherz.com\/wp-content\/uploads\/2026\/03\/36112CC9-B9ED-4800-A9DC-F24E2304281B-768x1024.jpg 768w, https:\/\/blauesherz.com\/wp-content\/uploads\/2026\/03\/36112CC9-B9ED-4800-A9DC-F24E2304281B-225x300.jpg 225w, https:\/\/blauesherz.com\/wp-content\/uploads\/2026\/03\/36112CC9-B9ED-4800-A9DC-F24E2304281B-1152x1536.jpg 1152w, https:\/\/blauesherz.com\/wp-content\/uploads\/2026\/03\/36112CC9-B9ED-4800-A9DC-F24E2304281B-9x12.jpg 9w, https:\/\/blauesherz.com\/wp-content\/uploads\/2026\/03\/36112CC9-B9ED-4800-A9DC-F24E2304281B-1320x1760.jpg 1320w, https:\/\/blauesherz.com\/wp-content\/uploads\/2026\/03\/36112CC9-B9ED-4800-A9DC-F24E2304281B.jpg 1536w\" sizes=\"(max-width: 750px) 100vw, 750px\" title=\"EBS - Waffle and mulled wine sale\">\t\t\t\t\t\t\t\t\t\t\t\t\t\t\t<\/div>\n\t\t\t\t\t<\/div>\n\t\t<\/div>\n\t\t\t\t\t<\/div>\n\t\t<\/section>\n\t\t\t\t<\/div>","protected":false},"excerpt":{"rendered":"<p>Im Rahmen unserer Bem\u00fchungen, den Zugang zu sauberem Wasser in Uganda zu f\u00f6rdern, organisierte der Verein \u201eBlaues Herz e.V.\u201c eine Spendenaktion auf dem EBS-Campus. Dank der Unterst\u00fctzung von Studierenden und Besuchern kamen bei der Veranstaltung 285 \u20ac f\u00fcr unser Trinkwasserprojekt zusammen. Mit Waffeln, Gl\u00fchwein und vielen bereichernden Gespr\u00e4chen war die [&hellip;]<\/p>\n","protected":false},"author":1,"featured_media":0,"parent":0,"menu_order":0,"comment_status":"closed","ping_status":"closed","template":"page-templates\/template-pagebuilder-full-width.php","meta":{"_acf_changed":false,"give_campaign_id":0,"_monsterinsights_skip_tracking":false,"_monsterinsights_sitenote_active":false,"_monsterinsights_sitenote_note":"","_monsterinsights_sitenote_category":0,"_themeisle_gutenberg_block_has_review":false,"footnotes":""},"class_list":["post-7375","page","type-page","status-publish","hentry"],"acf":[],"aioseo_notices":[],"campaignId":"","_links":{"self":[{"href":"https:\/\/blauesherz.com\/en\/wp-json\/wp\/v2\/pages\/7375","targetHints":{"allow":["GET"]}}],"collection":[{"href":"https:\/\/blauesherz.com\/en\/wp-json\/wp\/v2\/pages"}],"about":[{"href":"https:\/\/blauesherz.com\/en\/wp-json\/wp\/v2\/types\/page"}],"author":[{"embeddable":true,"href":"https:\/\/blauesherz.com\/en\/wp-json\/wp\/v2\/users\/1"}],"replies":[{"embeddable":true,"href":"https:\/\/blauesherz.com\/en\/wp-json\/wp\/v2\/comments?post=7375"}],"version-history":[{"count":13,"href":"https:\/\/blauesherz.com\/en\/wp-json\/wp\/v2\/pages\/7375\/revisions"}],"predecessor-version":[{"id":7614,"href":"https:\/\/blauesherz.com\/en\/wp-json\/wp\/v2\/pages\/7375\/revisions\/7614"}],"wp:attachment":[{"href":"https:\/\/blauesherz.com\/en\/wp-json\/wp\/v2\/media?parent=7375"}],"curies":[{"name":"wp","href":"https:\/\/api.w.org\/{rel}","templated":true}]}}