{"id":7359,"date":"2026-03-20T18:45:26","date_gmt":"2026-03-20T18:45:26","guid":{"rendered":"https:\/\/blauesherz.com\/?page_id=7359"},"modified":"2026-03-22T12:57:49","modified_gmt":"2026-03-22T12:57:49","slug":"uganda-paul-filter","status":"publish","type":"page","link":"https:\/\/blauesherz.com\/en\/uganda-paul-filter\/","title":{"rendered":"Uganda &#8211; PAUL Filter"},"content":{"rendered":"\t\t<div data-elementor-type=\"wp-page\" data-elementor-id=\"7359\" class=\"elementor elementor-7359\">\n\t\t\t\t\t\t<section class=\"elementor-section elementor-top-section elementor-element elementor-element-94ee9d3 elementor-section-boxed elementor-section-height-default elementor-section-height-default\" data-id=\"94ee9d3\" data-element_type=\"section\" data-e-type=\"section\">\n\t\t\t\t\t\t<div class=\"elementor-container elementor-column-gap-default\">\n\t\t\t\t\t<div class=\"elementor-column elementor-col-100 elementor-top-column elementor-element elementor-element-a74434d\" data-id=\"a74434d\" data-element_type=\"column\" data-e-type=\"column\">\n\t\t\t<div class=\"elementor-widget-wrap elementor-element-populated\">\n\t\t\t\t\t\t<div class=\"elementor-element elementor-element-7ca658f elementor-widget elementor-widget-google_maps\" data-id=\"7ca658f\" data-element_type=\"widget\" data-e-type=\"widget\" data-widget_type=\"google_maps.default\">\n\t\t\t\t\t\t\t<div class=\"elementor-custom-embed\">\n\t\t\t<iframe loading=\"lazy\"\n\t\t\t\t\tsrc=\"https:\/\/maps.google.com\/maps?q=Buwama&#038;t=m&#038;z=10&#038;output=embed&#038;iwloc=near\"\n\t\t\t\t\ttitle=\"Buwama\"\n\t\t\t\t\taria-label=\"Buwama\"\n\t\t\t><\/iframe>\n\t\t<\/div>\n\t\t\t\t\t\t<\/div>\n\t\t\t\t<div class=\"elementor-element elementor-element-b6ec946 elementor-widget elementor-widget-text-editor\" data-id=\"b6ec946\" data-element_type=\"widget\" data-e-type=\"widget\" data-widget_type=\"text-editor.default\">\n\t\t\t\t\t\t\t\t\t<div class=\"flex flex-col text-sm pb-25\" style=\"caret-color: #000000; color: #000000;\"><section class=\"text-token-text-primary w-full focus:outline-none [--shadow-height:45px] has-data-writing-block:pointer-events-none has-data-writing-block:-mt-(--shadow-height) has-data-writing-block:pt-(--shadow-height) [&amp;:has([data-writing-block])&gt;*]:pointer-events-auto scroll-mt-[calc(var(--header-height)+min(200px,max(70px,20svh)))]\" dir=\"auto\" data-turn-id=\"request-WEB:6e0cdbd5-6299-4c3f-989c-1b8d01c50c0b-0\" data-testid=\"conversation-turn-2\" data-scroll-anchor=\"true\" data-turn=\"assistant\"><div class=\"text-base my-auto mx-auto pb-10 [--thread-content-margin:var(--thread-content-margin-xs,calc(var(--spacing)*4))] @w-sm\/main:[--thread-content-margin:var(--thread-content-margin-sm,calc(var(--spacing)*6))] @w-lg\/main:[--thread-content-margin:var(--thread-content-margin-lg,calc(var(--spacing)*16))] px-(--thread-content-margin)\"><div class=\"[--thread-content-max-width:40rem] @w-lg\/main:[--thread-content-max-width:48rem] mx-auto max-w-(--thread-content-max-width) flex-1 group\/turn-messages focus-visible:outline-hidden relative flex w-full min-w-0 flex-col agent-turn\"><div class=\"flex max-w-full flex-col gap-4 grow\"><div data-message-author-role=\"assistant\" data-message-id=\"20e50172-a087-456b-ba2e-07c3bac44784\" dir=\"auto\" data-message-model-slug=\"gpt-5-4-thinking\" class=\"min-h-8 text-message relative flex w-full flex-col items-end gap-2 text-start break-words whitespace-normal outline-none keyboard-focused:focus-ring [.text-message+&amp;]:mt-1\" data-turn-start-message=\"true\" tabindex=\"0\"><div class=\"flex w-full flex-col gap-1 empty:hidden\"><div class=\"markdown prose dark:prose-invert w-full wrap-break-word dark markdown-new-styling\"><p>Im Januar 2026 reisten Anthony, Flavian und Vitus nach Uganda, um dort ihr erstes eigenst\u00e4ndig durchgef\u00fchrtes Projekt in Afrika zu realisieren: die Installation eines PAUL-Wasserfilters an der St. Balikuddembe Primary School in Buwama. Nach monatelanger Vorbereitung arbeiteten sie gemeinsam mit lokalen Partnern daran, ein System aufzubauen, das ohne Strom oder Chemikalien sauberes Trinkwasser liefern kann. Die Reise zeigte ihnen, dass nachhaltige Wirkung nicht nur von der Technologie abh\u00e4ngt, sondern auch von lokaler Eigenverantwortung, Wartung und langfristiger Zusammenarbeit.<\/p><p>\u00dcber die Installation hinaus gewannen sie durch Besuche in Schulen, an der Makerere-Universit\u00e4t, in lokalen Gemeinden und bei einer Slum-Initiative namens Kech Pii Ti tiefere Einblicke in das t\u00e4gliche Leben in Uganda. Besonders bewegt waren sie von der Offenheit der Menschen, denen sie begegneten, den strukturellen Herausforderungen in den Bereichen Wasser, Gesundheit, Bildung und Besch\u00e4ftigung sowie der Bedeutung starker lokaler Beziehungen.<\/p><p>Mehr \u00fcber unsere Reise k\u00f6nnt ihr in unserem Blog lesen: <a href=\"https:\/\/blauesherz.com\/reiseblog-uganda\/\">Click here<\/a><\/p><\/div><\/div><\/div><\/div><div class=\"z-0 flex min-h-[46px] justify-start\"><\/div><\/div><\/div><\/section><\/div>\t\t\t\t\t\t\t\t<\/div>\n\t\t\t\t\t<\/div>\n\t\t<\/div>\n\t\t\t\t\t<\/div>\n\t\t<\/section>\n\t\t\t\t<section class=\"elementor-section elementor-top-section elementor-element elementor-element-f0f3317 elementor-section-boxed elementor-section-height-default elementor-section-height-default\" data-id=\"f0f3317\" data-element_type=\"section\" data-e-type=\"section\">\n\t\t\t\t\t\t<div class=\"elementor-container elementor-column-gap-default\">\n\t\t\t\t\t<div class=\"elementor-column elementor-col-33 elementor-top-column elementor-element elementor-element-356d2c9\" data-id=\"356d2c9\" data-element_type=\"column\" data-e-type=\"column\">\n\t\t\t<div class=\"elementor-widget-wrap elementor-element-populated\">\n\t\t\t\t\t\t<div class=\"elementor-element elementor-element-5d6e2c5 elementor-widget elementor-widget-image\" data-id=\"5d6e2c5\" data-element_type=\"widget\" data-e-type=\"widget\" data-widget_type=\"image.default\">\n\t\t\t\t\t\t\t\t\t\t\t\t\t\t\t<img fetchpriority=\"high\" decoding=\"async\" width=\"750\" height=\"1000\" src=\"https:\/\/blauesherz.com\/wp-content\/uploads\/2026\/03\/d98b5bbb-1b6a-443c-9639-b6aec8238733-2-768x1024.jpg\" class=\"attachment-large size-large wp-image-7584\" alt=\"d98b5bbb 1b6a 443c 9639 b6aec8238733 2\" srcset=\"https:\/\/blauesherz.com\/wp-content\/uploads\/2026\/03\/d98b5bbb-1b6a-443c-9639-b6aec8238733-2-768x1024.jpg 768w, https:\/\/blauesherz.com\/wp-content\/uploads\/2026\/03\/d98b5bbb-1b6a-443c-9639-b6aec8238733-2-225x300.jpg 225w, https:\/\/blauesherz.com\/wp-content\/uploads\/2026\/03\/d98b5bbb-1b6a-443c-9639-b6aec8238733-2-1152x1536.jpg 1152w, https:\/\/blauesherz.com\/wp-content\/uploads\/2026\/03\/d98b5bbb-1b6a-443c-9639-b6aec8238733-2-9x12.jpg 9w, https:\/\/blauesherz.com\/wp-content\/uploads\/2026\/03\/d98b5bbb-1b6a-443c-9639-b6aec8238733-2-1320x1760.jpg 1320w, https:\/\/blauesherz.com\/wp-content\/uploads\/2026\/03\/d98b5bbb-1b6a-443c-9639-b6aec8238733-2.jpg 1536w\" sizes=\"(max-width: 750px) 100vw, 750px\" title=\"Uganda - PAUL Filter\">\t\t\t\t\t\t\t\t\t\t\t\t\t\t\t<\/div>\n\t\t\t\t\t<\/div>\n\t\t<\/div>\n\t\t\t\t<div class=\"elementor-column elementor-col-33 elementor-top-column elementor-element elementor-element-8c4e51d\" data-id=\"8c4e51d\" data-element_type=\"column\" data-e-type=\"column\">\n\t\t\t<div class=\"elementor-widget-wrap elementor-element-populated\">\n\t\t\t\t\t\t<div class=\"elementor-element elementor-element-a180a26 elementor-widget elementor-widget-image\" data-id=\"a180a26\" data-element_type=\"widget\" data-e-type=\"widget\" data-widget_type=\"image.default\">\n\t\t\t\t\t\t\t\t\t\t\t\t\t\t\t<img decoding=\"async\" width=\"750\" height=\"1000\" src=\"https:\/\/blauesherz.com\/wp-content\/uploads\/2026\/03\/bf183787-d931-466b-b060-82f2bd224923-768x1024.jpg\" class=\"attachment-large size-large wp-image-7582\" alt=\"bf183787 d931 466b b060 82f2bd224923\" srcset=\"https:\/\/blauesherz.com\/wp-content\/uploads\/2026\/03\/bf183787-d931-466b-b060-82f2bd224923-768x1024.jpg 768w, https:\/\/blauesherz.com\/wp-content\/uploads\/2026\/03\/bf183787-d931-466b-b060-82f2bd224923-225x300.jpg 225w, https:\/\/blauesherz.com\/wp-content\/uploads\/2026\/03\/bf183787-d931-466b-b060-82f2bd224923-9x12.jpg 9w, https:\/\/blauesherz.com\/wp-content\/uploads\/2026\/03\/bf183787-d931-466b-b060-82f2bd224923.jpg 960w\" sizes=\"(max-width: 750px) 100vw, 750px\" title=\"Uganda - PAUL Filter\">\t\t\t\t\t\t\t\t\t\t\t\t\t\t\t<\/div>\n\t\t\t\t\t<\/div>\n\t\t<\/div>\n\t\t\t\t<div class=\"elementor-column elementor-col-33 elementor-top-column elementor-element elementor-element-bc886ef\" data-id=\"bc886ef\" data-element_type=\"column\" data-e-type=\"column\">\n\t\t\t<div class=\"elementor-widget-wrap elementor-element-populated\">\n\t\t\t\t\t\t<div class=\"elementor-element elementor-element-92810aa elementor-widget elementor-widget-image\" data-id=\"92810aa\" data-element_type=\"widget\" data-e-type=\"widget\" data-widget_type=\"image.default\">\n\t\t\t\t\t\t\t\t\t\t\t\t\t\t\t<img decoding=\"async\" width=\"750\" height=\"1000\" src=\"https:\/\/blauesherz.com\/wp-content\/uploads\/2026\/03\/F146D85D-526D-4D8E-9444-D8AC7CEE20B8-1-768x1024.jpg\" class=\"attachment-large size-large wp-image-7265\" alt=\"f146d85d 526d 4d8e 9444 d8ac7cee20b8\" srcset=\"https:\/\/blauesherz.com\/wp-content\/uploads\/2026\/03\/F146D85D-526D-4D8E-9444-D8AC7CEE20B8-1-768x1024.jpg 768w, https:\/\/blauesherz.com\/wp-content\/uploads\/2026\/03\/F146D85D-526D-4D8E-9444-D8AC7CEE20B8-1-225x300.jpg 225w, https:\/\/blauesherz.com\/wp-content\/uploads\/2026\/03\/F146D85D-526D-4D8E-9444-D8AC7CEE20B8-1-1152x1536.jpg 1152w, https:\/\/blauesherz.com\/wp-content\/uploads\/2026\/03\/F146D85D-526D-4D8E-9444-D8AC7CEE20B8-1-9x12.jpg 9w, https:\/\/blauesherz.com\/wp-content\/uploads\/2026\/03\/F146D85D-526D-4D8E-9444-D8AC7CEE20B8-1-1320x1760.jpg 1320w, https:\/\/blauesherz.com\/wp-content\/uploads\/2026\/03\/F146D85D-526D-4D8E-9444-D8AC7CEE20B8-1.jpg 1536w\" sizes=\"(max-width: 750px) 100vw, 750px\" title=\"Uganda - PAUL Filter\">\t\t\t\t\t\t\t\t\t\t\t\t\t\t\t<\/div>\n\t\t\t\t\t<\/div>\n\t\t<\/div>\n\t\t\t\t\t<\/div>\n\t\t<\/section>\n\t\t\t\t<section class=\"elementor-section elementor-top-section elementor-element elementor-element-9b107dd elementor-section-boxed elementor-section-height-default elementor-section-height-default\" data-id=\"9b107dd\" data-element_type=\"section\" data-e-type=\"section\">\n\t\t\t\t\t\t<div class=\"elementor-container elementor-column-gap-default\">\n\t\t\t\t\t<div class=\"elementor-column elementor-col-20 elementor-top-column elementor-element elementor-element-7948051\" data-id=\"7948051\" data-element_type=\"column\" data-e-type=\"column\">\n\t\t\t<div class=\"elementor-widget-wrap elementor-element-populated\">\n\t\t\t\t\t\t<div class=\"elementor-element elementor-element-9a40fa9 elementor-widget elementor-widget-image\" data-id=\"9a40fa9\" data-element_type=\"widget\" data-e-type=\"widget\" data-widget_type=\"image.default\">\n\t\t\t\t\t\t\t\t\t\t\t\t\t\t\t<img loading=\"lazy\" decoding=\"async\" width=\"750\" height=\"1000\" src=\"https:\/\/blauesherz.com\/wp-content\/uploads\/2026\/03\/6402E6F5-1044-427E-ACEC-FA48936F51F3-1-768x1024.jpg\" class=\"attachment-large size-large wp-image-7262\" alt=\"6402e6f5 1044 427e acec fa48936f51f3\" srcset=\"https:\/\/blauesherz.com\/wp-content\/uploads\/2026\/03\/6402E6F5-1044-427E-ACEC-FA48936F51F3-1-768x1024.jpg 768w, https:\/\/blauesherz.com\/wp-content\/uploads\/2026\/03\/6402E6F5-1044-427E-ACEC-FA48936F51F3-1-225x300.jpg 225w, https:\/\/blauesherz.com\/wp-content\/uploads\/2026\/03\/6402E6F5-1044-427E-ACEC-FA48936F51F3-1-1152x1536.jpg 1152w, https:\/\/blauesherz.com\/wp-content\/uploads\/2026\/03\/6402E6F5-1044-427E-ACEC-FA48936F51F3-1-9x12.jpg 9w, https:\/\/blauesherz.com\/wp-content\/uploads\/2026\/03\/6402E6F5-1044-427E-ACEC-FA48936F51F3-1-1320x1760.jpg 1320w, https:\/\/blauesherz.com\/wp-content\/uploads\/2026\/03\/6402E6F5-1044-427E-ACEC-FA48936F51F3-1.jpg 1536w\" sizes=\"(max-width: 750px) 100vw, 750px\" title=\"Uganda - PAUL Filter\">\t\t\t\t\t\t\t\t\t\t\t\t\t\t\t<\/div>\n\t\t\t\t\t<\/div>\n\t\t<\/div>\n\t\t\t\t<div class=\"elementor-column elementor-col-20 elementor-top-column elementor-element elementor-element-8b856f5\" data-id=\"8b856f5\" data-element_type=\"column\" data-e-type=\"column\">\n\t\t\t<div class=\"elementor-widget-wrap elementor-element-populated\">\n\t\t\t\t\t\t<div class=\"elementor-element elementor-element-21157c1 elementor-widget elementor-widget-image\" data-id=\"21157c1\" data-element_type=\"widget\" data-e-type=\"widget\" data-widget_type=\"image.default\">\n\t\t\t\t\t\t\t\t\t\t\t\t\t\t\t<img loading=\"lazy\" decoding=\"async\" width=\"750\" height=\"1000\" src=\"https:\/\/blauesherz.com\/wp-content\/uploads\/2026\/03\/da46f344-1176-40b5-b040-49f96d35cc18-768x1024.jpg\" class=\"attachment-large size-large wp-image-7586\" alt=\"da46f344 1176 40b5 b040 49f96d35cc18\" srcset=\"https:\/\/blauesherz.com\/wp-content\/uploads\/2026\/03\/da46f344-1176-40b5-b040-49f96d35cc18-768x1024.jpg 768w, https:\/\/blauesherz.com\/wp-content\/uploads\/2026\/03\/da46f344-1176-40b5-b040-49f96d35cc18-225x300.jpg 225w, https:\/\/blauesherz.com\/wp-content\/uploads\/2026\/03\/da46f344-1176-40b5-b040-49f96d35cc18-1152x1536.jpg 1152w, https:\/\/blauesherz.com\/wp-content\/uploads\/2026\/03\/da46f344-1176-40b5-b040-49f96d35cc18-9x12.jpg 9w, https:\/\/blauesherz.com\/wp-content\/uploads\/2026\/03\/da46f344-1176-40b5-b040-49f96d35cc18-1320x1760.jpg 1320w, https:\/\/blauesherz.com\/wp-content\/uploads\/2026\/03\/da46f344-1176-40b5-b040-49f96d35cc18.jpg 1536w\" sizes=\"(max-width: 750px) 100vw, 750px\" title=\"Uganda - PAUL Filter\">\t\t\t\t\t\t\t\t\t\t\t\t\t\t\t<\/div>\n\t\t\t\t\t<\/div>\n\t\t<\/div>\n\t\t\t\t<div class=\"elementor-column elementor-col-20 elementor-top-column elementor-element elementor-element-898a091\" data-id=\"898a091\" data-element_type=\"column\" data-e-type=\"column\">\n\t\t\t<div class=\"elementor-widget-wrap elementor-element-populated\">\n\t\t\t\t\t\t<div class=\"elementor-element elementor-element-7c0c1d2 elementor-widget elementor-widget-image\" data-id=\"7c0c1d2\" data-element_type=\"widget\" data-e-type=\"widget\" data-widget_type=\"image.default\">\n\t\t\t\t\t\t\t\t\t\t\t\t\t\t\t<img loading=\"lazy\" decoding=\"async\" width=\"750\" height=\"1000\" src=\"https:\/\/blauesherz.com\/wp-content\/uploads\/2026\/03\/63809f44-dd07-473c-a6f9-2d1be8990a46-768x1024.jpg\" class=\"attachment-large size-large wp-image-7581\" alt=\"63809f44 dd07 473c a6f9 2d1be8990a46\" srcset=\"https:\/\/blauesherz.com\/wp-content\/uploads\/2026\/03\/63809f44-dd07-473c-a6f9-2d1be8990a46-768x1024.jpg 768w, https:\/\/blauesherz.com\/wp-content\/uploads\/2026\/03\/63809f44-dd07-473c-a6f9-2d1be8990a46-225x300.jpg 225w, https:\/\/blauesherz.com\/wp-content\/uploads\/2026\/03\/63809f44-dd07-473c-a6f9-2d1be8990a46-1152x1536.jpg 1152w, https:\/\/blauesherz.com\/wp-content\/uploads\/2026\/03\/63809f44-dd07-473c-a6f9-2d1be8990a46-9x12.jpg 9w, https:\/\/blauesherz.com\/wp-content\/uploads\/2026\/03\/63809f44-dd07-473c-a6f9-2d1be8990a46-1320x1760.jpg 1320w, https:\/\/blauesherz.com\/wp-content\/uploads\/2026\/03\/63809f44-dd07-473c-a6f9-2d1be8990a46.jpg 1536w\" sizes=\"(max-width: 750px) 100vw, 750px\" title=\"Uganda - PAUL Filter\">\t\t\t\t\t\t\t\t\t\t\t\t\t\t\t<\/div>\n\t\t\t\t\t<\/div>\n\t\t<\/div>\n\t\t\t\t<div class=\"elementor-column elementor-col-20 elementor-top-column elementor-element elementor-element-c7459cd\" data-id=\"c7459cd\" data-element_type=\"column\" data-e-type=\"column\">\n\t\t\t<div class=\"elementor-widget-wrap elementor-element-populated\">\n\t\t\t\t\t\t<div class=\"elementor-element elementor-element-2f31af7 elementor-widget elementor-widget-image\" data-id=\"2f31af7\" data-element_type=\"widget\" data-e-type=\"widget\" data-widget_type=\"image.default\">\n\t\t\t\t\t\t\t\t\t\t\t\t\t\t\t<img loading=\"lazy\" decoding=\"async\" width=\"750\" height=\"1000\" src=\"https:\/\/blauesherz.com\/wp-content\/uploads\/2026\/03\/DEEA4BEE-B3D4-4E84-A848-9BB9DBE7B364-768x1024.jpg\" class=\"attachment-large size-large wp-image-7264\" alt=\"deea4bee b3d4 4e84 a848 9bb9dbe7b364\" srcset=\"https:\/\/blauesherz.com\/wp-content\/uploads\/2026\/03\/DEEA4BEE-B3D4-4E84-A848-9BB9DBE7B364-768x1024.jpg 768w, https:\/\/blauesherz.com\/wp-content\/uploads\/2026\/03\/DEEA4BEE-B3D4-4E84-A848-9BB9DBE7B364-225x300.jpg 225w, https:\/\/blauesherz.com\/wp-content\/uploads\/2026\/03\/DEEA4BEE-B3D4-4E84-A848-9BB9DBE7B364-1152x1536.jpg 1152w, https:\/\/blauesherz.com\/wp-content\/uploads\/2026\/03\/DEEA4BEE-B3D4-4E84-A848-9BB9DBE7B364-9x12.jpg 9w, https:\/\/blauesherz.com\/wp-content\/uploads\/2026\/03\/DEEA4BEE-B3D4-4E84-A848-9BB9DBE7B364-1320x1760.jpg 1320w, https:\/\/blauesherz.com\/wp-content\/uploads\/2026\/03\/DEEA4BEE-B3D4-4E84-A848-9BB9DBE7B364.jpg 1536w\" sizes=\"(max-width: 750px) 100vw, 750px\" title=\"Uganda - PAUL Filter\">\t\t\t\t\t\t\t\t\t\t\t\t\t\t\t<\/div>\n\t\t\t\t\t<\/div>\n\t\t<\/div>\n\t\t\t\t<div class=\"elementor-column elementor-col-20 elementor-top-column elementor-element elementor-element-2664c18\" data-id=\"2664c18\" data-element_type=\"column\" data-e-type=\"column\">\n\t\t\t<div class=\"elementor-widget-wrap elementor-element-populated\">\n\t\t\t\t\t\t<div class=\"elementor-element elementor-element-07771b5 elementor-widget elementor-widget-image\" data-id=\"07771b5\" data-element_type=\"widget\" data-e-type=\"widget\" data-widget_type=\"image.default\">\n\t\t\t\t\t\t\t\t\t\t\t\t\t\t\t<img loading=\"lazy\" decoding=\"async\" width=\"750\" height=\"1000\" src=\"https:\/\/blauesherz.com\/wp-content\/uploads\/2026\/03\/f05bf7f1-5234-4782-9123-01fe137db31e-768x1024.jpg\" class=\"attachment-large size-large wp-image-7588\" alt=\"f05bf7f1 5234 4782 9123 01fe137db31e\" srcset=\"https:\/\/blauesherz.com\/wp-content\/uploads\/2026\/03\/f05bf7f1-5234-4782-9123-01fe137db31e-768x1024.jpg 768w, https:\/\/blauesherz.com\/wp-content\/uploads\/2026\/03\/f05bf7f1-5234-4782-9123-01fe137db31e-225x300.jpg 225w, https:\/\/blauesherz.com\/wp-content\/uploads\/2026\/03\/f05bf7f1-5234-4782-9123-01fe137db31e-1152x1536.jpg 1152w, https:\/\/blauesherz.com\/wp-content\/uploads\/2026\/03\/f05bf7f1-5234-4782-9123-01fe137db31e-9x12.jpg 9w, https:\/\/blauesherz.com\/wp-content\/uploads\/2026\/03\/f05bf7f1-5234-4782-9123-01fe137db31e-1320x1760.jpg 1320w, https:\/\/blauesherz.com\/wp-content\/uploads\/2026\/03\/f05bf7f1-5234-4782-9123-01fe137db31e.jpg 1536w\" sizes=\"(max-width: 750px) 100vw, 750px\" title=\"Uganda - PAUL Filter\">\t\t\t\t\t\t\t\t\t\t\t\t\t\t\t<\/div>\n\t\t\t\t\t<\/div>\n\t\t<\/div>\n\t\t\t\t\t<\/div>\n\t\t<\/section>\n\t\t\t\t<section class=\"elementor-section elementor-top-section elementor-element elementor-element-451f76c elementor-section-boxed elementor-section-height-default elementor-section-height-default\" data-id=\"451f76c\" data-element_type=\"section\" data-e-type=\"section\">\n\t\t\t\t\t\t<div class=\"elementor-container elementor-column-gap-default\">\n\t\t\t\t\t<div class=\"elementor-column elementor-col-50 elementor-top-column elementor-element elementor-element-558d879\" data-id=\"558d879\" data-element_type=\"column\" data-e-type=\"column\">\n\t\t\t<div class=\"elementor-widget-wrap elementor-element-populated\">\n\t\t\t\t\t\t<div class=\"elementor-element elementor-element-7a4e9af elementor-widget elementor-widget-image\" data-id=\"7a4e9af\" data-element_type=\"widget\" data-e-type=\"widget\" data-widget_type=\"image.default\">\n\t\t\t\t\t\t\t\t\t\t\t\t\t\t\t<img loading=\"lazy\" decoding=\"async\" width=\"750\" height=\"563\" src=\"https:\/\/blauesherz.com\/wp-content\/uploads\/2026\/03\/80ad7ab8-9f0d-40aa-b85d-1dcb9e8527ca-1024x768.jpg\" class=\"attachment-large size-large wp-image-7577\" alt=\"80ad7ab8 9f0d 40aa b85d 1dcb9e8527ca\" srcset=\"https:\/\/blauesherz.com\/wp-content\/uploads\/2026\/03\/80ad7ab8-9f0d-40aa-b85d-1dcb9e8527ca-1024x768.jpg 1024w, https:\/\/blauesherz.com\/wp-content\/uploads\/2026\/03\/80ad7ab8-9f0d-40aa-b85d-1dcb9e8527ca-300x225.jpg 300w, https:\/\/blauesherz.com\/wp-content\/uploads\/2026\/03\/80ad7ab8-9f0d-40aa-b85d-1dcb9e8527ca-768x576.jpg 768w, https:\/\/blauesherz.com\/wp-content\/uploads\/2026\/03\/80ad7ab8-9f0d-40aa-b85d-1dcb9e8527ca-1536x1152.jpg 1536w, https:\/\/blauesherz.com\/wp-content\/uploads\/2026\/03\/80ad7ab8-9f0d-40aa-b85d-1dcb9e8527ca-16x12.jpg 16w, https:\/\/blauesherz.com\/wp-content\/uploads\/2026\/03\/80ad7ab8-9f0d-40aa-b85d-1dcb9e8527ca-1320x990.jpg 1320w, https:\/\/blauesherz.com\/wp-content\/uploads\/2026\/03\/80ad7ab8-9f0d-40aa-b85d-1dcb9e8527ca.jpg 2048w\" sizes=\"(max-width: 750px) 100vw, 750px\" title=\"Uganda - PAUL Filter\">\t\t\t\t\t\t\t\t\t\t\t\t\t\t\t<\/div>\n\t\t\t\t\t<\/div>\n\t\t<\/div>\n\t\t\t\t<div class=\"elementor-column elementor-col-50 elementor-top-column elementor-element elementor-element-2e14804\" data-id=\"2e14804\" data-element_type=\"column\" data-e-type=\"column\">\n\t\t\t<div class=\"elementor-widget-wrap elementor-element-populated\">\n\t\t\t\t\t\t<div class=\"elementor-element elementor-element-f76c12a elementor-widget elementor-widget-image\" data-id=\"f76c12a\" data-element_type=\"widget\" data-e-type=\"widget\" data-widget_type=\"image.default\">\n\t\t\t\t\t\t\t\t\t\t\t\t\t\t\t<img loading=\"lazy\" decoding=\"async\" width=\"750\" height=\"563\" src=\"https:\/\/blauesherz.com\/wp-content\/uploads\/2026\/03\/3ea05717-cbb5-450a-b17e-a9e528c7c590-1024x768.jpg\" class=\"attachment-large size-large wp-image-7574\" alt=\"3ea05717 cbb5 450a b17e a9e528c7c590\" srcset=\"https:\/\/blauesherz.com\/wp-content\/uploads\/2026\/03\/3ea05717-cbb5-450a-b17e-a9e528c7c590-1024x768.jpg 1024w, https:\/\/blauesherz.com\/wp-content\/uploads\/2026\/03\/3ea05717-cbb5-450a-b17e-a9e528c7c590-300x225.jpg 300w, https:\/\/blauesherz.com\/wp-content\/uploads\/2026\/03\/3ea05717-cbb5-450a-b17e-a9e528c7c590-768x576.jpg 768w, https:\/\/blauesherz.com\/wp-content\/uploads\/2026\/03\/3ea05717-cbb5-450a-b17e-a9e528c7c590-1536x1152.jpg 1536w, https:\/\/blauesherz.com\/wp-content\/uploads\/2026\/03\/3ea05717-cbb5-450a-b17e-a9e528c7c590-16x12.jpg 16w, https:\/\/blauesherz.com\/wp-content\/uploads\/2026\/03\/3ea05717-cbb5-450a-b17e-a9e528c7c590-1320x990.jpg 1320w, https:\/\/blauesherz.com\/wp-content\/uploads\/2026\/03\/3ea05717-cbb5-450a-b17e-a9e528c7c590.jpg 2048w\" sizes=\"(max-width: 750px) 100vw, 750px\" title=\"Uganda - PAUL Filter\">\t\t\t\t\t\t\t\t\t\t\t\t\t\t\t<\/div>\n\t\t\t\t\t<\/div>\n\t\t<\/div>\n\t\t\t\t\t<\/div>\n\t\t<\/section>\n\t\t\t\t<\/div>\n\t\t","protected":false},"excerpt":{"rendered":"<p>Im Januar 2026 reisten Anthony, Flavian und Vitus nach Uganda, um dort ihr erstes eigenst\u00e4ndig durchgef\u00fchrtes Projekt in Afrika zu realisieren: die Installation eines PAUL-Wasserfilters an der St. Balikuddembe Primary School in Buwama. Nach monatelanger Vorbereitung arbeiteten sie gemeinsam mit lokalen Partnern daran, ein System aufzubauen, das ohne Strom oder [&hellip;]<\/p>\n","protected":false},"author":1,"featured_media":0,"parent":0,"menu_order":0,"comment_status":"closed","ping_status":"closed","template":"page-templates\/template-pagebuilder-full-width.php","meta":{"_acf_changed":false,"give_campaign_id":0,"_monsterinsights_skip_tracking":false,"_monsterinsights_sitenote_active":false,"_monsterinsights_sitenote_note":"","_monsterinsights_sitenote_category":0,"_themeisle_gutenberg_block_has_review":false,"footnotes":""},"class_list":["post-7359","page","type-page","status-publish","hentry"],"acf":[],"aioseo_notices":[],"campaignId":"","_links":{"self":[{"href":"https:\/\/blauesherz.com\/en\/wp-json\/wp\/v2\/pages\/7359","targetHints":{"allow":["GET"]}}],"collection":[{"href":"https:\/\/blauesherz.com\/en\/wp-json\/wp\/v2\/pages"}],"about":[{"href":"https:\/\/blauesherz.com\/en\/wp-json\/wp\/v2\/types\/page"}],"author":[{"embeddable":true,"href":"https:\/\/blauesherz.com\/en\/wp-json\/wp\/v2\/users\/1"}],"replies":[{"embeddable":true,"href":"https:\/\/blauesherz.com\/en\/wp-json\/wp\/v2\/comments?post=7359"}],"version-history":[{"count":28,"href":"https:\/\/blauesherz.com\/en\/wp-json\/wp\/v2\/pages\/7359\/revisions"}],"predecessor-version":[{"id":7601,"href":"https:\/\/blauesherz.com\/en\/wp-json\/wp\/v2\/pages\/7359\/revisions\/7601"}],"wp:attachment":[{"href":"https:\/\/blauesherz.com\/en\/wp-json\/wp\/v2\/media?parent=7359"}],"curies":[{"name":"wp","href":"https:\/\/api.w.org\/{rel}","templated":true}]}}