{"id":1426,"date":"2020-11-19T23:01:49","date_gmt":"2020-11-19T23:01:49","guid":{"rendered":"https:\/\/blauesherz.com\/?page_id=1426"},"modified":"2025-12-12T11:04:08","modified_gmt":"2025-12-12T11:04:08","slug":"karriere","status":"publish","type":"page","link":"https:\/\/blauesherz.com\/en\/karriere\/","title":{"rendered":"Join the Team"},"content":{"rendered":"<div data-elementor-type=\"wp-page\" data-elementor-id=\"1426\" class=\"elementor elementor-1426\">\n\t\t\t\t\t\t<section class=\"elementor-section elementor-top-section elementor-element elementor-element-445163e elementor-section-boxed elementor-section-height-default elementor-section-height-default elementor-invisible\" data-id=\"445163e\" data-element_type=\"section\" data-e-type=\"section\" data-settings=\"{&quot;animation&quot;:&quot;fadeInUp&quot;}\">\n\t\t\t\t\t\t<div class=\"elementor-container elementor-column-gap-default\">\n\t\t\t\t\t<div class=\"elementor-column elementor-col-100 elementor-top-column elementor-element elementor-element-85b3073\" data-id=\"85b3073\" data-element_type=\"column\" data-e-type=\"column\">\n\t\t\t<div class=\"elementor-widget-wrap elementor-element-populated\">\n\t\t\t\t\t\t<div class=\"elementor-element elementor-element-36fdd1a elementor-widget elementor-widget-spacer\" data-id=\"36fdd1a\" data-element_type=\"widget\" data-e-type=\"widget\" data-widget_type=\"spacer.default\">\n\t\t\t\t\t\t\t<div class=\"elementor-spacer\">\n\t\t\t<div class=\"elementor-spacer-inner\"><\/div>\n\t\t<\/div>\n\t\t\t\t\t\t<\/div>\n\t\t\t\t<div class=\"elementor-element elementor-element-9506f9f elementor-widget elementor-widget-text-editor\" data-id=\"9506f9f\" data-element_type=\"widget\" data-e-type=\"widget\" data-widget_type=\"text-editor.default\">\n\t\t\t\t\t\t\t\t\t<h1 style=\"text-align: center;\" class=\"translation-block\">JOIN <span style=\"color:#379EFF\">US<\/span>.<\/h1>\t\t\t\t\t\t\t\t<\/div>\n\t\t\t\t<div class=\"elementor-element elementor-element-1058be6 elementor-widget elementor-widget-text-editor\" data-id=\"1058be6\" data-element_type=\"widget\" data-e-type=\"widget\" data-widget_type=\"text-editor.default\">\n\t\t\t\t\t\t\t\t\t<h6><strong>Together, we can make a difference.<\/strong><\/h6>\n<h6>\u00a0Get actively involved in our projects, share your expertise, or get involved in one of the many areas of work at Blaues Herz e.V.<br data-start=\"560\" data-end=\"563\" \/>If you\u2019d prefer to support us as a passive member, we\u2019d be just as happy to welcome you to our community. As a member, you\u2019ll receive regular updates on our work and can actively help shape the future of our organization.\u00a0<\/h6>\n<h6><strong>Every contribution counts\u2014and makes a difference.<\/strong><\/h6>\n<h6>\u00a0Just fill out the form. Once you've signed up, you'll receive all further information by email.<\/h6>\n<h6>We look forward to welcoming you to the team.<\/h6>\t\t\t\t\t\t\t\t<\/div>\n\t\t\t\t<div class=\"elementor-element elementor-element-ff7692f elementor-widget elementor-widget-spacer\" data-id=\"ff7692f\" data-element_type=\"widget\" data-e-type=\"widget\" data-widget_type=\"spacer.default\">\n\t\t\t\t\t\t\t<div class=\"elementor-spacer\">\n\t\t\t<div class=\"elementor-spacer-inner\"><\/div>\n\t\t<\/div>\n\t\t\t\t\t\t<\/div>\n\t\t\t\t\t<\/div>\n\t\t<\/div>\n\t\t\t\t\t<\/div>\n\t\t<\/section>\n\t\t\t\t<section class=\"elementor-section elementor-top-section elementor-element elementor-element-e0de0e2 elementor-section-boxed elementor-section-height-default elementor-section-height-default\" data-id=\"e0de0e2\" data-element_type=\"section\" data-e-type=\"section\">\n\t\t\t\t\t\t<div class=\"elementor-container elementor-column-gap-default\">\n\t\t\t\t\t<div class=\"elementor-column elementor-col-100 elementor-top-column elementor-element elementor-element-30904ec\" data-id=\"30904ec\" data-element_type=\"column\" data-e-type=\"column\">\n\t\t\t<div class=\"elementor-widget-wrap elementor-element-populated\">\n\t\t\t\t\t\t<section class=\"elementor-section elementor-inner-section elementor-element elementor-element-d95c916 elementor-section-boxed elementor-section-height-default elementor-section-height-default\" data-id=\"d95c916\" data-element_type=\"section\" data-e-type=\"section\">\n\t\t\t\t\t\t<div class=\"elementor-container elementor-column-gap-default\">\n\t\t\t\t\t<div class=\"elementor-column elementor-col-50 elementor-inner-column elementor-element elementor-element-8dda8da\" data-id=\"8dda8da\" data-element_type=\"column\" data-e-type=\"column\">\n\t\t\t<div class=\"elementor-widget-wrap elementor-element-populated\">\n\t\t\t\t\t\t<div class=\"elementor-element elementor-element-532d931 elementor-widget elementor-widget-image\" data-id=\"532d931\" data-element_type=\"widget\" data-e-type=\"widget\" data-widget_type=\"image.default\">\n\t\t\t\t\t\t\t\t\t\t\t\t\t\t\t<img fetchpriority=\"high\" decoding=\"async\" width=\"750\" height=\"938\" src=\"https:\/\/blauesherz.com\/wp-content\/uploads\/2025\/10\/bi-819x1024.png\" class=\"attachment-large size-large wp-image-6809\" alt=\"Bi 819x1024\" srcset=\"https:\/\/blauesherz.com\/wp-content\/uploads\/2025\/10\/bi-819x1024.png 819w, https:\/\/blauesherz.com\/wp-content\/uploads\/2025\/10\/bi-240x300.png 240w, https:\/\/blauesherz.com\/wp-content\/uploads\/2025\/10\/bi-768x960.png 768w, https:\/\/blauesherz.com\/wp-content\/uploads\/2025\/10\/bi-10x12.png 10w, https:\/\/blauesherz.com\/wp-content\/uploads\/2025\/10\/bi.png 1080w\" sizes=\"(max-width: 750px) 100vw, 750px\" title=\"Join the Team\">\t\t\t\t\t\t\t\t\t\t\t\t\t\t\t<\/div>\n\t\t\t\t\t<\/div>\n\t\t<\/div>\n\t\t\t\t<div class=\"elementor-column elementor-col-50 elementor-inner-column elementor-element elementor-element-b3b805d\" data-id=\"b3b805d\" data-element_type=\"column\" data-e-type=\"column\">\n\t\t\t<div class=\"elementor-widget-wrap elementor-element-populated\">\n\t\t\t\t\t\t<div class=\"elementor-element elementor-element-6de75a9 elementor-widget elementor-widget-givewp_donation_form\" data-id=\"6de75a9\" data-element_type=\"widget\" data-e-type=\"widget\" data-settings=\"{&quot;display_style&quot;:&quot;onpage&quot;}\" data-widget_type=\"givewp_donation_form.default\">\n\t\t\t\t\t<div class='root-data-givewp-embed' data-form-locale='en_GB' data-form-url='https:\/\/blauesherz.com\/?post_type=give_forms&amp;p=6784' data-form-view-url='https:\/\/blauesherz.com\/en\/?givewp-route=donation-form-view&amp;form-id=6784' data-src='https:\/\/blauesherz.com\/en\/?givewp-route=donation-form-view&amp;form-id=6784' data-givewp-embed-id='give-form-shortcode-1' data-form-format='onpage' data-open-form-button='Donate now' style='--givewp-primary-color: #0b72d9; --givewp-secondary-color: #27ae60;'><\/div>\t\t\t\t<\/div>\n\t\t\t\t\t<\/div>\n\t\t<\/div>\n\t\t\t\t\t<\/div>\n\t\t<\/section>\n\t\t\t\t\t<\/div>\n\t\t<\/div>\n\t\t\t\t\t<\/div>\n\t\t<\/section>\n\t\t\t\t<\/div>","protected":false},"excerpt":{"rendered":"<p>BRING Dich EIN. Gemeinsam\u00a0schaffen wir Ver\u00e4nderung. \u00a0Bringe dich aktiv in unsere Projekte ein, teile dein Know-how oder engagiere dich in einem unserer vielf\u00e4ltigen Bereiche bei Blaues Herz e.V.Wenn du uns lieber als passives Mitglied unterst\u00fctzen m\u00f6chtest, freuen wir uns genauso, dich in unserer Community willkommen zu hei\u00dfen. Als Mitglied erh\u00e4ltst [&hellip;]<\/p>\n","protected":false},"author":1,"featured_media":0,"parent":0,"menu_order":0,"comment_status":"closed","ping_status":"closed","template":"","meta":{"_acf_changed":false,"give_campaign_id":0,"_monsterinsights_skip_tracking":false,"_monsterinsights_sitenote_active":false,"_monsterinsights_sitenote_note":"","_monsterinsights_sitenote_category":0,"_themeisle_gutenberg_block_has_review":false,"footnotes":""},"class_list":["post-1426","page","type-page","status-publish","hentry"],"acf":[],"aioseo_notices":[],"campaignId":"","_links":{"self":[{"href":"https:\/\/blauesherz.com\/en\/wp-json\/wp\/v2\/pages\/1426","targetHints":{"allow":["GET"]}}],"collection":[{"href":"https:\/\/blauesherz.com\/en\/wp-json\/wp\/v2\/pages"}],"about":[{"href":"https:\/\/blauesherz.com\/en\/wp-json\/wp\/v2\/types\/page"}],"author":[{"embeddable":true,"href":"https:\/\/blauesherz.com\/en\/wp-json\/wp\/v2\/users\/1"}],"replies":[{"embeddable":true,"href":"https:\/\/blauesherz.com\/en\/wp-json\/wp\/v2\/comments?post=1426"}],"version-history":[{"count":66,"href":"https:\/\/blauesherz.com\/en\/wp-json\/wp\/v2\/pages\/1426\/revisions"}],"predecessor-version":[{"id":7082,"href":"https:\/\/blauesherz.com\/en\/wp-json\/wp\/v2\/pages\/1426\/revisions\/7082"}],"wp:attachment":[{"href":"https:\/\/blauesherz.com\/en\/wp-json\/wp\/v2\/media?parent=1426"}],"curies":[{"name":"wp","href":"https:\/\/api.w.org\/{rel}","templated":true}]}}